{"id":12,"date":"2021-02-20T11:31:01","date_gmt":"2021-02-20T14:31:01","guid":{"rendered":"http:\/\/canadacacambas.com.br\/?page_id=12"},"modified":"2021-02-20T11:31:03","modified_gmt":"2021-02-20T14:31:03","slug":"home","status":"publish","type":"page","link":"https:\/\/canadacacambas.com.br\/","title":{"rendered":"Home"},"content":{"rendered":"\n<div class=\"wp-block-themeisle-blocks-advanced-columns has-undefined-columns has-desktop-undefined-layout has-tablet-equal-layout has-mobile-equal-layout has-default-gap has-vertical-unset\" id=\"wp-block-themeisle-blocks-advanced-columns-0f694e8a\"><div class=\"wp-block-themeisle-blocks-advanced-columns-overlay\"><\/div><div class=\"innerblocks-wrap\"><\/div><\/div>\n","protected":false},"excerpt":{"rendered":"","protected":false},"author":2,"featured_media":0,"parent":0,"menu_order":0,"comment_status":"closed","ping_status":"closed","template":"","meta":{"_joinchat":[],"footnotes":""},"class_list":["post-12","page","type-page","status-publish","hentry"],"yoast_head":"<!-- This site is optimized with the Yoast SEO plugin v25.3.1 - https:\/\/yoast.com\/wordpress\/plugins\/seo\/ -->\n<title>Home - Canad\u00e1 Ca\u00e7ambas<\/title>\n<meta name=\"robots\" content=\"index, follow, max-snippet:-1, max-image-preview:large, max-video-preview:-1\" \/>\n<link rel=\"canonical\" href=\"https:\/\/canadacacambas.com.br\/\" \/>\n<meta property=\"og:locale\" content=\"pt_BR\" \/>\n<meta property=\"og:type\" content=\"article\" \/>\n<meta property=\"og:title\" content=\"Home - Canad\u00e1 Ca\u00e7ambas\" \/>\n<meta property=\"og:url\" content=\"https:\/\/canadacacambas.com.br\/\" \/>\n<meta property=\"og:site_name\" content=\"Canad\u00e1 Ca\u00e7ambas\" \/>\n<meta property=\"article:modified_time\" content=\"2021-02-20T14:31:03+00:00\" \/>\n<meta name=\"twitter:card\" content=\"summary_large_image\" \/>\n<script type=\"application\/ld+json\" class=\"yoast-schema-graph\">{\"@context\":\"https:\/\/schema.org\",\"@graph\":[{\"@type\":\"WebPage\",\"@id\":\"https:\/\/canadacacambas.com.br\/\",\"url\":\"https:\/\/canadacacambas.com.br\/\",\"name\":\"Home - Canad\u00e1 Ca\u00e7ambas\",\"isPartOf\":{\"@id\":\"https:\/\/canadacacambas.com.br\/#website\"},\"datePublished\":\"2021-02-20T14:31:01+00:00\",\"dateModified\":\"2021-02-20T14:31:03+00:00\",\"breadcrumb\":{\"@id\":\"https:\/\/canadacacambas.com.br\/#breadcrumb\"},\"inLanguage\":\"pt-BR\",\"potentialAction\":[{\"@type\":\"ReadAction\",\"target\":[\"https:\/\/canadacacambas.com.br\/\"]}]},{\"@type\":\"BreadcrumbList\",\"@id\":\"https:\/\/canadacacambas.com.br\/#breadcrumb\",\"itemListElement\":[{\"@type\":\"ListItem\",\"position\":1,\"name\":\"In\u00edcio\",\"item\":\"https:\/\/canadacacambas.com.br\/\"},{\"@type\":\"ListItem\",\"position\":2,\"name\":\"Home\"}]},{\"@type\":\"WebSite\",\"@id\":\"https:\/\/canadacacambas.com.br\/#website\",\"url\":\"https:\/\/canadacacambas.com.br\/\",\"name\":\"Canad\u00e1 Ca\u00e7ambas\",\"description\":\"Servi\u00e7o de confian\u00e7a\",\"publisher\":{\"@id\":\"https:\/\/canadacacambas.com.br\/#organization\"},\"potentialAction\":[{\"@type\":\"SearchAction\",\"target\":{\"@type\":\"EntryPoint\",\"urlTemplate\":\"https:\/\/canadacacambas.com.br\/?s={search_term_string}\"},\"query-input\":{\"@type\":\"PropertyValueSpecification\",\"valueRequired\":true,\"valueName\":\"search_term_string\"}}],\"inLanguage\":\"pt-BR\"},{\"@type\":\"Organization\",\"@id\":\"https:\/\/canadacacambas.com.br\/#organization\",\"name\":\"Canad\u00e1 Ca\u00e7ambas\",\"url\":\"https:\/\/canadacacambas.com.br\/\",\"logo\":{\"@type\":\"ImageObject\",\"inLanguage\":\"pt-BR\",\"@id\":\"https:\/\/canadacacambas.com.br\/#\/schema\/logo\/image\/\",\"url\":\"https:\/\/i0.wp.com\/canadacacambas.com.br\/wp-content\/uploads\/2021\/02\/Logo-sitea1.png?fit=776%2C187&ssl=1\",\"contentUrl\":\"https:\/\/i0.wp.com\/canadacacambas.com.br\/wp-content\/uploads\/2021\/02\/Logo-sitea1.png?fit=776%2C187&ssl=1\",\"width\":776,\"height\":187,\"caption\":\"Canad\u00e1 Ca\u00e7ambas\"},\"image\":{\"@id\":\"https:\/\/canadacacambas.com.br\/#\/schema\/logo\/image\/\"}}]}<\/script>\n<!-- \/ Yoast SEO plugin. -->","yoast_head_json":{"title":"Home - Canad\u00e1 Ca\u00e7ambas","robots":{"index":"index","follow":"follow","max-snippet":"max-snippet:-1","max-image-preview":"max-image-preview:large","max-video-preview":"max-video-preview:-1"},"canonical":"https:\/\/canadacacambas.com.br\/","og_locale":"pt_BR","og_type":"article","og_title":"Home - Canad\u00e1 Ca\u00e7ambas","og_url":"https:\/\/canadacacambas.com.br\/","og_site_name":"Canad\u00e1 Ca\u00e7ambas","article_modified_time":"2021-02-20T14:31:03+00:00","twitter_card":"summary_large_image","schema":{"@context":"https:\/\/schema.org","@graph":[{"@type":"WebPage","@id":"https:\/\/canadacacambas.com.br\/","url":"https:\/\/canadacacambas.com.br\/","name":"Home - Canad\u00e1 Ca\u00e7ambas","isPartOf":{"@id":"https:\/\/canadacacambas.com.br\/#website"},"datePublished":"2021-02-20T14:31:01+00:00","dateModified":"2021-02-20T14:31:03+00:00","breadcrumb":{"@id":"https:\/\/canadacacambas.com.br\/#breadcrumb"},"inLanguage":"pt-BR","potentialAction":[{"@type":"ReadAction","target":["https:\/\/canadacacambas.com.br\/"]}]},{"@type":"BreadcrumbList","@id":"https:\/\/canadacacambas.com.br\/#breadcrumb","itemListElement":[{"@type":"ListItem","position":1,"name":"In\u00edcio","item":"https:\/\/canadacacambas.com.br\/"},{"@type":"ListItem","position":2,"name":"Home"}]},{"@type":"WebSite","@id":"https:\/\/canadacacambas.com.br\/#website","url":"https:\/\/canadacacambas.com.br\/","name":"Canad\u00e1 Ca\u00e7ambas","description":"Servi\u00e7o de confian\u00e7a","publisher":{"@id":"https:\/\/canadacacambas.com.br\/#organization"},"potentialAction":[{"@type":"SearchAction","target":{"@type":"EntryPoint","urlTemplate":"https:\/\/canadacacambas.com.br\/?s={search_term_string}"},"query-input":{"@type":"PropertyValueSpecification","valueRequired":true,"valueName":"search_term_string"}}],"inLanguage":"pt-BR"},{"@type":"Organization","@id":"https:\/\/canadacacambas.com.br\/#organization","name":"Canad\u00e1 Ca\u00e7ambas","url":"https:\/\/canadacacambas.com.br\/","logo":{"@type":"ImageObject","inLanguage":"pt-BR","@id":"https:\/\/canadacacambas.com.br\/#\/schema\/logo\/image\/","url":"https:\/\/i0.wp.com\/canadacacambas.com.br\/wp-content\/uploads\/2021\/02\/Logo-sitea1.png?fit=776%2C187&ssl=1","contentUrl":"https:\/\/i0.wp.com\/canadacacambas.com.br\/wp-content\/uploads\/2021\/02\/Logo-sitea1.png?fit=776%2C187&ssl=1","width":776,"height":187,"caption":"Canad\u00e1 Ca\u00e7ambas"},"image":{"@id":"https:\/\/canadacacambas.com.br\/#\/schema\/logo\/image\/"}}]}},"jetpack-related-posts":[],"jetpack_sharing_enabled":true,"_links":{"self":[{"href":"https:\/\/canadacacambas.com.br\/index.php\/wp-json\/wp\/v2\/pages\/12","targetHints":{"allow":["GET"]}}],"collection":[{"href":"https:\/\/canadacacambas.com.br\/index.php\/wp-json\/wp\/v2\/pages"}],"about":[{"href":"https:\/\/canadacacambas.com.br\/index.php\/wp-json\/wp\/v2\/types\/page"}],"author":[{"embeddable":true,"href":"https:\/\/canadacacambas.com.br\/index.php\/wp-json\/wp\/v2\/users\/2"}],"replies":[{"embeddable":true,"href":"https:\/\/canadacacambas.com.br\/index.php\/wp-json\/wp\/v2\/comments?post=12"}],"version-history":[{"count":1,"href":"https:\/\/canadacacambas.com.br\/index.php\/wp-json\/wp\/v2\/pages\/12\/revisions"}],"predecessor-version":[{"id":13,"href":"https:\/\/canadacacambas.com.br\/index.php\/wp-json\/wp\/v2\/pages\/12\/revisions\/13"}],"wp:attachment":[{"href":"https:\/\/canadacacambas.com.br\/index.php\/wp-json\/wp\/v2\/media?parent=12"}],"curies":[{"name":"wp","href":"https:\/\/api.w.org\/{rel}","templated":true}]}}